{"id":57810,"date":"2023-02-04T11:51:02","date_gmt":"2023-02-04T10:51:02","guid":{"rendered":"https:\/\/www.premacolors.sk\/eshop\/?post_type=product&#038;p=57810"},"modified":"2025-05-28T18:32:54","modified_gmt":"2025-05-28T16:32:54","slug":"chamaleon-hrubovrstvy-plnic","status":"publish","type":"product","link":"https:\/\/www.premacolors.sk\/eshop\/produkt\/chamaleon-hrubovrstvy-plnic\/","title":{"rendered":"Cham\u00e4leon hrubovrstv\u00fd plni\u010d"},"content":{"rendered":"<ul>\n<li>\n<h3>vhodn\u00fd k vyplneniu mal\u00fdch p\u00f3rov a \u0161krabancov po br\u00fasen\u00ed<\/h3>\n<\/li>\n<li>\n<h3>excelentn\u00e9 plniace vlastnosti a krytie<\/h3>\n<\/li>\n<li>\n<h3>mo\u017en\u00e1 aplik\u00e1cia mokr\u00e9 na mokr\u00e9<\/h3>\n<\/li>\n<li>\n<h3>vynikaj\u00faca pri\u013enavos\u0165 na kovov\u00e9 povrchy<\/h3>\n<\/li>\n<li>\n<h3>farba: \u0161ed\u00e1, \u010dierna, biela<\/h3>\n<\/li>\n<li>\n<h3>400ml<\/h3>\n<\/li>\n<\/ul>\n","protected":false},"excerpt":{"rendered":"<p>vhodn\u00fd k vyplneniu mal\u00fdch p\u00f3rov a \u0161krabancov po br\u00fasen\u00ed excelentn\u00e9 plniace vlastnosti a krytie mo\u017en\u00e1 aplik\u00e1cia mokr\u00e9 na mokr\u00e9 vynikaj\u00faca pri\u013enavos\u0165 na kovov\u00e9 povrchy farba: \u0161ed\u00e1, \u010dierna, biela 400ml<\/p>\n","protected":false},"featured_media":57804,"template":"","meta":{"inline_featured_image":false},"product_brand":[],"product_cat":[525],"product_tag":[],"class_list":{"0":"post-57810","1":"product","2":"type-product","3":"status-publish","4":"has-post-thumbnail","6":"product_cat-plnice-a-zaklady","7":"description-off","9":"first","10":"instock","11":"taxable","12":"shipping-taxable","13":"purchasable","14":"product-type-variable"},"_links":{"self":[{"href":"https:\/\/www.premacolors.sk\/eshop\/wp-json\/wp\/v2\/product\/57810","targetHints":{"allow":["GET"]}}],"collection":[{"href":"https:\/\/www.premacolors.sk\/eshop\/wp-json\/wp\/v2\/product"}],"about":[{"href":"https:\/\/www.premacolors.sk\/eshop\/wp-json\/wp\/v2\/types\/product"}],"wp:featuredmedia":[{"embeddable":true,"href":"https:\/\/www.premacolors.sk\/eshop\/wp-json\/wp\/v2\/media\/57804"}],"wp:attachment":[{"href":"https:\/\/www.premacolors.sk\/eshop\/wp-json\/wp\/v2\/media?parent=57810"}],"wp:term":[{"taxonomy":"product_brand","embeddable":true,"href":"https:\/\/www.premacolors.sk\/eshop\/wp-json\/wp\/v2\/product_brand?post=57810"},{"taxonomy":"product_cat","embeddable":true,"href":"https:\/\/www.premacolors.sk\/eshop\/wp-json\/wp\/v2\/product_cat?post=57810"},{"taxonomy":"product_tag","embeddable":true,"href":"https:\/\/www.premacolors.sk\/eshop\/wp-json\/wp\/v2\/product_tag?post=57810"}],"curies":[{"name":"wp","href":"https:\/\/api.w.org\/{rel}","templated":true}]}}